{"id":388,"date":"2023-08-08T09:25:29","date_gmt":"2023-08-08T07:25:29","guid":{"rendered":"https:\/\/meteotracker.it\/?page_id=388"},"modified":"2023-08-08T10:58:55","modified_gmt":"2023-08-08T08:58:55","slug":"per-passione","status":"publish","type":"page","link":"https:\/\/meteotracker.it\/index.php\/per-passione\/","title":{"rendered":"Per Passione"},"content":{"rendered":"<p><a href=\"https:\/\/meteotracker.com\/wp-content\/uploads\/2022\/03\/passione.jpg\" data-elementor-open-lightbox=\"yes\" e-action-hash=\"#elementor-action%3Aaction%3Dlightbox%26settings%3DeyJpZCI6MzMzMCwidXJsIjpmYWxzZX0%3D\"><br \/>\n<img decoding=\"async\" src=\"https:\/\/meteotracker.com\/wp-content\/uploads\/2022\/03\/passione.jpg\" title=\"\" alt=\"\" \/> <\/a><\/p>\n<h5>Con <strong>MeteoTracker<\/strong> le osservazioni meteo diventano <strong>dinamiche<\/strong> e consentono di rilevare e misurare con accuratezza tanti <strong>fenomeni atmosferici<\/strong> che <strong>sfuggono<\/strong> alla rete di stazioni <strong>fisse<\/strong> e fanno della meteorologia quella scienza che tanto ci <strong>affascina<\/strong>.<\/h5>\n<h5>Entrando nella <strong>Community<\/strong> potrai diventare anche tu una <strong>sentinella<\/strong> meteo e dare un importante contributo alla conoscenza meteo del tuo <strong>territorio<\/strong>!<\/h5>\n<p><a href=\"https:\/\/meteotracker.com\/wp-content\/uploads\/2022\/02\/inversione_termica-1.jpg\" data-elementor-open-lightbox=\"yes\" data-elementor-lightbox-title=\"inversione_termica\" e-action-hash=\"#elementor-action%3Aaction%3Dlightbox%26settings%3DeyJpZCI6MjM4MiwidXJsIjoiaHR0cHM6XC9cL21ldGVvdHJhY2tlci5jb21cL3dwLWNvbnRlbnRcL3VwbG9hZHNcLzIwMjJcLzAyXC9pbnZlcnNpb25lX3Rlcm1pY2EtMS5qcGcifQ%3D%3D\"><br \/>\n<img decoding=\"async\" src=\"https:\/\/meteotracker.com\/wp-content\/uploads\/elementor\/thumbs\/inversione_termica-1-plwf5kdwutsom4qs8gru3lfh96rw1mzqq7ffuihxxc.jpg\" title=\"inversione_termica\" alt=\"Meteotracker Inversione Termica\" \/> <\/a><\/p>\n<h4><b>INVERSIONE TERMICA<\/b><\/h4>\n<p>Fenomeno noto, ma solo con rilevazioni mobili ad alta risoluzione spaziale \u00e8 possibile capire che i dati provenienti dalle stazioni fisse sono solo la punta dell\u2019iceberg di un fenomeno in grado di far registrare variazioni estreme di temperature su distanze molto brevi.<\/p>\n<p>Con MeteoTracker abbiamo misurato fino a 10.4\u00b0 di differenza in 200 m di distanza o di 15.3\u00b0 C in meno di 3 km!<\/p>\n<p><a href=\"https:\/\/meteotracker.it\/index.php\/negozio\/\">Acquista ora<\/a><\/p>\n<p><a href=\"https:\/\/meteotracker.com\/wp-content\/uploads\/2022\/02\/storm-chasing.jpg\" data-elementor-open-lightbox=\"yes\" data-elementor-lightbox-title=\"storm-chasing\" e-action-hash=\"#elementor-action%3Aaction%3Dlightbox%26settings%3DeyJpZCI6MjQwMywidXJsIjoiaHR0cHM6XC9cL21ldGVvdHJhY2tlci5jb21cL3dwLWNvbnRlbnRcL3VwbG9hZHNcLzIwMjJcLzAyXC9zdG9ybS1jaGFzaW5nLmpwZyJ9\"><br \/>\n<img decoding=\"async\" src=\"https:\/\/meteotracker.com\/wp-content\/uploads\/elementor\/thumbs\/storm-chasing-plwf5kdwutsom4qs8gru3lfh96rw1mzqq7ffuihxxc.jpg\" title=\"storm-chasing\" alt=\"storm-chasing\" \/> <\/a><\/p>\n<h4><b>STORM CHASING<\/b><\/h4>\n<p>Se sei un appassionato di storm chasing con MeteoTracker puoi monitorare con elevata accuratezza e alta risoluzione spaziale i parametri meteorologici che \u201csorreggono\u201d gli eventi estremi, visualizzando su mappa i tuoi dati e quelli raccolti dagli altri MeteoTracker in azione intorno a te.<\/p>\n<p><a href=\"https:\/\/meteotracker.it\/index.php\/negozio\/\">Le nostre soluzioni<\/a><\/p>\n<p><a href=\"https:\/\/meteotracker.com\/wp-content\/uploads\/2022\/02\/torino-1.jpg\" data-elementor-open-lightbox=\"yes\" data-elementor-lightbox-title=\"torino\" e-action-hash=\"#elementor-action%3Aaction%3Dlightbox%26settings%3DeyJpZCI6MjQwNSwidXJsIjoiaHR0cHM6XC9cL21ldGVvdHJhY2tlci5jb21cL3dwLWNvbnRlbnRcL3VwbG9hZHNcLzIwMjJcLzAyXC90b3Jpbm8tMS5qcGcifQ%3D%3D\"><br \/>\n<img decoding=\"async\" src=\"https:\/\/meteotracker.com\/wp-content\/uploads\/elementor\/thumbs\/torino-1-plwf5kdwutsom4qs8gru3lfh96rw1mzqq7ffuihxxc.jpg\" title=\"torino\" alt=\"torino\" \/> <\/a><\/p>\n<h4><b>ISOLA DI CALORE URBANA E IMPATTO DEL VERDE PUBBLICO<\/b><\/h4>\n<p>Se ti muovi in ambito urbano, e il tuo mezzo di trasporto diventa una stazione meteo viaggiante, ogni tuo spostamento diventer\u00e0 un\u2019interessante raccolta di dati utili per misurare l\u2019effetto del tessuto urbano sul microclima.\u00a0La community MeteoTracker sta progressivamente costruendo un database che indica quanto il verde pubblico sia decisivo nel mitigare il caldo estivo, l\u2019effetto deleterio di estese coperture del suolo con cemento e asfalto. Fornendo cos\u00ec preziose informazioni per una pianificazione urbana pi\u00f9 orientata al miglioramento della qualit\u00e0 della vita nelle citt\u00e0.<\/p>\n<p><a href=\"https:\/\/meteotracker.it\/index.php\/negozio\/\">Acquista ora<\/a><br \/>\n<a href=\"https:\/\/meteotracker.com\/wp-content\/uploads\/2022\/02\/composite-california.jpg\" data-elementor-open-lightbox=\"yes\" data-elementor-lightbox-title=\"composite-california\" e-action-hash=\"#elementor-action%3Aaction%3Dlightbox%26settings%3DeyJpZCI6MjM3NywidXJsIjoiaHR0cHM6XC9cL21ldGVvdHJhY2tlci5jb21cL3dwLWNvbnRlbnRcL3VwbG9hZHNcLzIwMjJcLzAyXC9jb21wb3NpdGUtY2FsaWZvcm5pYS5qcGcifQ%3D%3D\"><br \/>\n<img decoding=\"async\" src=\"https:\/\/meteotracker.com\/wp-content\/uploads\/elementor\/thumbs\/composite-california-plwf5kdwutsom4qs8gru3lfh96rw1mzqq7ffuihxxc.jpg\" title=\"composite-california\" alt=\"composite-california\" \/> <\/a><\/p>\n<h4><b>EFFETTO DELLE BREZZE<\/b><\/h4>\n<p>Da 16\u00b0 C a 32\u00b0 C. Non \u00e8 la differenza di temperatura tra estate e inverno in una qualche citt\u00e0 mediterranea. Sono valori che si possono misurare nello stesso momento in una localit\u00e0 esposta ai venti generati dalla differenza di temperatura tra il mare (o il lago) e la terraferma. Come nel caso di una sessione MeteoTracker nella penisola della California.<br \/>\nLe rilevazioni mobili consentono di misurare con precisione l\u2019impatto delle brezze e con MeteoTracker puoi costruire il tuo personale archivio di misure con le quali potrai mappare esattamente la loro estensione e intensit\u00e0.<br \/>\n<a href=\"https:\/\/meteotracker.com\/wp-content\/uploads\/2022\/02\/effetto-phoen-stau-1.jpg\" data-elementor-open-lightbox=\"yes\" data-elementor-lightbox-title=\"effetto-phoen-stau\" e-action-hash=\"#elementor-action%3Aaction%3Dlightbox%26settings%3DeyJpZCI6MjM3OSwidXJsIjoiaHR0cHM6XC9cL21ldGVvdHJhY2tlci5jb21cL3dwLWNvbnRlbnRcL3VwbG9hZHNcLzIwMjJcLzAyXC9lZmZldHRvLXBob2VuLXN0YXUtMS5qcGcifQ%3D%3D\"><\/a><\/p>\n<p><a href=\"https:\/\/meteotracker.it\/index.php\/negozio\/\">Acquista ora<\/a><\/p>\n<p><a href=\"https:\/\/meteotracker.com\/wp-content\/uploads\/2022\/02\/effetto-phoen-stau-1.jpg\" data-elementor-open-lightbox=\"yes\" data-elementor-lightbox-title=\"effetto-phoen-stau\" e-action-hash=\"#elementor-action%3Aaction%3Dlightbox%26settings%3DeyJpZCI6MjM3OSwidXJsIjoiaHR0cHM6XC9cL21ldGVvdHJhY2tlci5jb21cL3dwLWNvbnRlbnRcL3VwbG9hZHNcLzIwMjJcLzAyXC9lZmZldHRvLXBob2VuLXN0YXUtMS5qcGcifQ%3D%3D\"><br \/>\n<img decoding=\"async\" src=\"https:\/\/meteotracker.com\/wp-content\/uploads\/elementor\/thumbs\/effetto-phoen-stau-1-plwf5kdwutsom4qs8gru3lfh96rw1mzqq7ffuihxxc.jpg\" title=\"effetto-phoen-stau\" alt=\"effetto-phoen-stau\" \/> <\/a><\/p>\n<h4><b>EFFETTO PHOEN-STAU<\/b><\/h4>\n<p>Neve e freddo in un versante. Secco e mite dall\u2019altro. Quando i venti impattano le montagne, lo stato termodinamico dell\u2019atmosfera non conosce mezze misure. E le variazioni di temperature e umidit\u00e0 possono essere talmente repentine da rendere strabilianti le misure fatte in mobilit\u00e0.<\/p>\n<p>MeteoTracker ti consente di tracciare il profilo termo-igrometrico di versanti e vallate e quantificare accuratamente &#8211; in gradi, umidit\u00e0 relativa, gradiente termico verticale ed estensione spaziale &#8211; i due regime contrapposti.<\/p>\n<p><a href=\"https:\/\/meteotracker.it\/index.php\/negozio\/\">Acquista ora<\/a><\/p>\n<p><a href=\"https:\/\/meteotracker.com\/areaclienti\/signup\/XF7nwUYna?_lang=it\" role=\"button\"><\/a><a href=\"https:\/\/meteotracker.com\/wp-content\/uploads\/2022\/02\/temporale-1.jpg\" data-elementor-open-lightbox=\"yes\" data-elementor-lightbox-title=\"temporale\" e-action-hash=\"#elementor-action%3Aaction%3Dlightbox%26settings%3DeyJpZCI6MjQwNCwidXJsIjoiaHR0cHM6XC9cL21ldGVvdHJhY2tlci5jb21cL3dwLWNvbnRlbnRcL3VwbG9hZHNcLzIwMjJcLzAyXC90ZW1wb3JhbGUtMS5qcGcifQ%3D%3D\"><br \/>\n<img decoding=\"async\" src=\"https:\/\/meteotracker.com\/wp-content\/uploads\/elementor\/thumbs\/temporale-1-plwf5kdwutsom4qs8gru3lfh96rw1mzqq7ffuihxxc.jpg\" title=\"temporale\" alt=\"temporale\" \/> <\/a><\/p>\n<h4><b>INSTABILIT\u00c1 ATMOSFERICA<\/b><\/h4>\n<p>Un temporale \u00e8 una formidabile macchina termica regolata da fenomeni di estrema complessit\u00e0. Prevederne lo sviluppo e l\u2019intensit\u00e0 \u00e8 una sfida ancora irrisolta ma ci sono indicatori molto utili per capirne il potenziale energetico.<\/p>\n<p>Uno di questi \u00e8 la variazione di temperatura al variare dell\u2019altitudine. La App MeteoTracker acquisisce i dati dalla mini-stazione, li elabora e calcola questo parametro, il gradiente termico verticale.<\/p>\n<p><a href=\"https:\/\/meteotracker.it\/index.php\/negozio\/\">Le nostre soluzioni<\/a><a href=\"https:\/\/meteotracker.com\/areaclienti\/signup\/XF7nwUYna?_lang=it\" role=\"button\"><\/a><br \/>\n<a href=\"https:\/\/meteotracker.com\/wp-content\/uploads\/2022\/02\/parapendio-1.jpg\" data-elementor-open-lightbox=\"yes\" data-elementor-lightbox-title=\"paragliding\" e-action-hash=\"#elementor-action%3Aaction%3Dlightbox%26settings%3DeyJpZCI6MjM5NiwidXJsIjoiaHR0cHM6XC9cL21ldGVvdHJhY2tlci5jb21cL3dwLWNvbnRlbnRcL3VwbG9hZHNcLzIwMjJcLzAyXC9wYXJhcGVuZGlvLTEuanBnIn0%3D\"><br \/>\n<img decoding=\"async\" width=\"640\" height=\"373\" src=\"https:\/\/meteotracker.com\/wp-content\/uploads\/2022\/02\/parapendio-1.jpg\" alt=\"\" loading=\"lazy\" srcset=\"https:\/\/meteotracker.com\/wp-content\/uploads\/2022\/02\/parapendio-1.jpg 768w, https:\/\/meteotracker.com\/wp-content\/uploads\/2022\/02\/parapendio-1-300x175.jpg 300w\" sizes=\"(max-width: 640px) 100vw, 640px\" \/> <\/a><\/p>\n<h4><b>VOLO LIBERO<\/b><\/h4>\n<p>Il contesto del volo libero \u00e8 uno di quelli in cui, pi\u00f9 di altri, la modalit\u00e0 di rilevazione dei dati termo-igrometrici in movimento pu\u00f2 apportare un\u2019importante innovazione, in termini di analisi e\u00a0 monitoraggio della <i>qualit\u00e0 termica<\/i> dell\u2019area di volo.<\/p>\n<p>Grazie alla rilevazione dei profili termico e igrometrico \u00e8 infatti possibile valutare la sussistenza e intensit\u00e0, in atmosfera, di moti ascendenti o discendenti.<\/p>\n<p><a href=\"https:\/\/meteotracker.it\/index.php\/negozio\/\">Acquista ora<\/a><br \/>\n<a href=\"https:\/\/meteotracker.com\/wp-content\/uploads\/2022\/02\/biking-1.jpg\" data-elementor-open-lightbox=\"yes\" data-elementor-lightbox-title=\"biking\" e-action-hash=\"#elementor-action%3Aaction%3Dlightbox%26settings%3DeyJpZCI6MjM3NSwidXJsIjoiaHR0cHM6XC9cL21ldGVvdHJhY2tlci5jb21cL3dwLWNvbnRlbnRcL3VwbG9hZHNcLzIwMjJcLzAyXC9iaWtpbmctMS5qcGcifQ%3D%3D\"><br \/>\n<img decoding=\"async\" width=\"640\" height=\"373\" src=\"https:\/\/meteotracker.com\/wp-content\/uploads\/2022\/02\/biking-1.jpg\" alt=\"\" loading=\"lazy\" srcset=\"https:\/\/meteotracker.com\/wp-content\/uploads\/2022\/02\/biking-1.jpg 768w, https:\/\/meteotracker.com\/wp-content\/uploads\/2022\/02\/biking-1-300x175.jpg 300w\" sizes=\"(max-width: 640px) 100vw, 640px\" \/> <\/a><\/p>\n<h4><b>BIKING<\/b><\/h4>\n<p>Il nostro pratico bike-holder ti consente di installare MeteoTracker su qualsiasi tipo di bicicletta &#8211; o altri mezzi dotati di manubrio &#8211;\u00a0 per tenere sotto controllo le rapide variazioni di temperatura durante le tue uscite ed esplorare particolari zone microclimatiche difficilmente raggiungibili con altri mezzi e con altre stazioni meteo. Inoltre, ogni tua pedalata sar\u00e0 archiviata nella tua dashboard MeteoTracker dove potrai tener traccia di tutte le tue uscite in bicicletta e delle condizioni meteo in cui si sono svolte.<\/p>\n<p><a href=\"https:\/\/meteotracker.it\/index.php\/negozio\/\">Le nostre soluzioni<\/a><br \/>\n<a href=\"https:\/\/meteotracker.com\/wp-content\/uploads\/2022\/02\/regatta-1.jpg\" data-elementor-open-lightbox=\"yes\" data-elementor-lightbox-title=\"regatta\" e-action-hash=\"#elementor-action%3Aaction%3Dlightbox%26settings%3DeyJpZCI6MjM5OSwidXJsIjoiaHR0cHM6XC9cL21ldGVvdHJhY2tlci5jb21cL3dwLWNvbnRlbnRcL3VwbG9hZHNcLzIwMjJcLzAyXC9yZWdhdHRhLTEuanBnIn0%3D\"><br \/>\n<img decoding=\"async\" width=\"640\" height=\"373\" src=\"https:\/\/meteotracker.com\/wp-content\/uploads\/2022\/02\/regatta-1.jpg\" alt=\"\" loading=\"lazy\" srcset=\"https:\/\/meteotracker.com\/wp-content\/uploads\/2022\/02\/regatta-1.jpg 768w, https:\/\/meteotracker.com\/wp-content\/uploads\/2022\/02\/regatta-1-300x175.jpg 300w\" sizes=\"(max-width: 640px) 100vw, 640px\" \/> <\/a><\/p>\n<h4><b>NAVIGAZIONE<\/b><\/h4>\n<p>MeteoTracker per le sue caratteristiche di portabilit\u00e0 \u00e8 una stazione meteorologica ideale a bordo di imbarcazioni grandi e piccole.<\/p>\n<p>La visualizzazione in tempo reale dei dati meteo su mappa e i grafici dell&#8217;andamento della pressione barometrica sul tuo smartphone\u00a0 ti aiutano a prevedere l\u2019evoluzione del tempo con largo anticipo.<\/p>\n<p><a href=\"https:\/\/meteotracker.it\/index.php\/negozio\/\">Acquista ora<\/a><br \/>\n<a href=\"https:\/\/meteotracker.com\/wp-content\/uploads\/2022\/02\/sport-1.jpg\" data-elementor-open-lightbox=\"yes\" data-elementor-lightbox-title=\"young people runner running on running road in city park\" e-action-hash=\"#elementor-action%3Aaction%3Dlightbox%26settings%3DeyJpZCI6MjQwMiwidXJsIjoiaHR0cHM6XC9cL21ldGVvdHJhY2tlci5jb21cL3dwLWNvbnRlbnRcL3VwbG9hZHNcLzIwMjJcLzAyXC9zcG9ydC0xLmpwZyJ9\"><br \/>\n<img decoding=\"async\" width=\"640\" height=\"373\" src=\"https:\/\/meteotracker.com\/wp-content\/uploads\/2022\/02\/sport-1.jpg\" alt=\"\" loading=\"lazy\" srcset=\"https:\/\/meteotracker.com\/wp-content\/uploads\/2022\/02\/sport-1.jpg 768w, https:\/\/meteotracker.com\/wp-content\/uploads\/2022\/02\/sport-1-300x175.jpg 300w\" sizes=\"(max-width: 640px) 100vw, 640px\" \/> <\/a><\/p>\n<h4><b>SPORT<\/b><\/h4>\n<p>Il monitoraggio delle condizioni ambientali durante lo sport \u00e8 di fondamentale importanza per chi pratica le attivit\u00e0 sportive. Con MeteoTracker puoi visualizzare in tempo reale sul tuo smartphone, e georeferenziare durante l\u2019intero percorso, temperatura, umidit\u00e0 relativa, indice di stress termico, temperatura di rugiada, altitudine ed altri parametri che impattano sulle tue prestazioni o il tuo rendimento. E ogni sessione di allenamento o di gare diventer\u00e0 una sessione MeteoTracker consultabile nella tua dashboard.<\/p>\n<p><a href=\"https:\/\/meteotracker.it\/index.php\/negozio\/\">Le nostre soluzioni<\/a><\/p>\n<p><a href=\"https:\/\/meteotracker.com\/wp-content\/uploads\/2022\/02\/escursionismo-1.jpg\" data-elementor-open-lightbox=\"yes\" data-elementor-lightbox-title=\"Hiker standing beside a lake in the Lofoten mountains on a foggy day\" e-action-hash=\"#elementor-action%3Aaction%3Dlightbox%26settings%3DeyJpZCI6MjM4MCwidXJsIjoiaHR0cHM6XC9cL21ldGVvdHJhY2tlci5jb21cL3dwLWNvbnRlbnRcL3VwbG9hZHNcLzIwMjJcLzAyXC9lc2N1cnNpb25pc21vLTEuanBnIn0%3D\"><br \/>\n<img decoding=\"async\" width=\"640\" height=\"373\" src=\"https:\/\/meteotracker.com\/wp-content\/uploads\/2022\/02\/escursionismo-1.jpg\" alt=\"\" loading=\"lazy\" srcset=\"https:\/\/meteotracker.com\/wp-content\/uploads\/2022\/02\/escursionismo-1.jpg 768w, https:\/\/meteotracker.com\/wp-content\/uploads\/2022\/02\/escursionismo-1-300x175.jpg 300w\" sizes=\"(max-width: 640px) 100vw, 640px\" \/> <\/a><\/p>\n<h4><b>ESCURSIONISMO<\/b><\/h4>\n<p>Durante le escursioni, soprattutto in montagna, il tempo pu\u00f2 cambiare molto rapidamente. Con MeteoTracker tenendo d\u2019occhio istantaneamente temperatura, pressione e punto di rugiada puoi prevedere l\u2019evoluzione delle condizioni meteo durante la tua uscita. Puoi inoltre andare alla scoperta e mappare particolari condizioni microclimatiche in luoghi remoti, dove nessuno ha mai rilevato i parametri meteorologici.<\/p>\n<p><a href=\"https:\/\/meteotracker.it\/index.php\/negozio\/\">Acquista ora<\/a><br \/>\n<a href=\"https:\/\/meteotracker.com\/wp-content\/uploads\/2022\/02\/sci-1.jpg\" data-elementor-open-lightbox=\"yes\" data-elementor-lightbox-title=\"sci\" e-action-hash=\"#elementor-action%3Aaction%3Dlightbox%26settings%3DeyJpZCI6MjQwMSwidXJsIjoiaHR0cHM6XC9cL21ldGVvdHJhY2tlci5jb21cL3dwLWNvbnRlbnRcL3VwbG9hZHNcLzIwMjJcLzAyXC9zY2ktMS5qcGcifQ%3D%3D\"><br \/>\n<img decoding=\"async\" width=\"640\" height=\"373\" src=\"https:\/\/meteotracker.com\/wp-content\/uploads\/2022\/02\/sci-1.jpg\" alt=\"\" loading=\"lazy\" srcset=\"https:\/\/meteotracker.com\/wp-content\/uploads\/2022\/02\/sci-1.jpg 768w, https:\/\/meteotracker.com\/wp-content\/uploads\/2022\/02\/sci-1-300x175.jpg 300w\" sizes=\"(max-width: 640px) 100vw, 640px\" \/> <\/a><\/p>\n<h4><b>SCI<\/b><\/h4>\n<p>MeteoTracker pu\u00f2 essere montato sui tuoi bastoni da sci tramite il bike holder e raccogliere dati meteo inediti durante i tuoi spostamenti sulle piste con una risoluzione spaziale mai vista.<\/p>\n<p><a href=\"https:\/\/meteotracker.it\/index.php\/negozio\/\">Le nostre soluzioni<\/a><\/p>\n<p><a href=\"https:\/\/meteotracker.com\/wp-content\/uploads\/2022\/02\/casa-1.jpg\" data-elementor-open-lightbox=\"yes\" data-elementor-lightbox-title=\"Young couple in new apartment with small dog\" e-action-hash=\"#elementor-action%3Aaction%3Dlightbox%26settings%3DeyJpZCI6MjM3NiwidXJsIjoiaHR0cHM6XC9cL21ldGVvdHJhY2tlci5jb21cL3dwLWNvbnRlbnRcL3VwbG9hZHNcLzIwMjJcLzAyXC9jYXNhLTEuanBnIn0%3D\"><br \/>\n<img decoding=\"async\" width=\"640\" height=\"373\" src=\"https:\/\/meteotracker.com\/wp-content\/uploads\/2022\/02\/casa-1.jpg\" alt=\"\" loading=\"lazy\" srcset=\"https:\/\/meteotracker.com\/wp-content\/uploads\/2022\/02\/casa-1.jpg 768w, https:\/\/meteotracker.com\/wp-content\/uploads\/2022\/02\/casa-1-300x175.jpg 300w\" sizes=\"(max-width: 640px) 100vw, 640px\" \/> <\/a><\/p>\n<h4><b>DENTRO CASA<\/b><\/h4>\n<p>Puoi utilizzare MeteoTracker per visualizzare comodamente sul tuo smartphone\u00a0 la temperatura e l\u2019umidit\u00e0 nei vari locali all\u2019interno della tua abitazione, per garantire il comfort termico di cui hanno bisogno i tuoi cari, i tuoi animali e le tue piante. Puoi monitorare anche il tuo frigorifero o freezer, verificando la corretta conservazione delle tue vivande attraverso i grafici della temperatura nel tempo sempre disponibili nella App MeteoTracker<\/p>\n<p><a href=\"https:\/\/meteotracker.it\/index.php\/negozio\/\">Acquista ora<\/a><a href=\"https:\/\/meteotracker.com\/areaclienti\/signup\/XF7nwUYna?_lang=it\" role=\"button\"><\/a><\/p>\n","protected":false},"excerpt":{"rendered":"<p>Con MeteoTracker le osservazioni meteo diventano dinamiche e consentono di rilevare e misurare con accuratezza tanti fenomeni atmosferici che sfuggono alla rete di stazioni fisse e fanno della meteorologia quella scienza che tanto ci affascina. Entrando nella Community potrai diventare anche tu una sentinella meteo e dare un importante contributo [&hellip;]<\/p>\n","protected":false},"author":2,"featured_media":403,"parent":0,"menu_order":0,"comment_status":"closed","ping_status":"closed","template":"","meta":{"footnotes":""},"_links":{"self":[{"href":"https:\/\/meteotracker.it\/index.php\/wp-json\/wp\/v2\/pages\/388"}],"collection":[{"href":"https:\/\/meteotracker.it\/index.php\/wp-json\/wp\/v2\/pages"}],"about":[{"href":"https:\/\/meteotracker.it\/index.php\/wp-json\/wp\/v2\/types\/page"}],"author":[{"embeddable":true,"href":"https:\/\/meteotracker.it\/index.php\/wp-json\/wp\/v2\/users\/2"}],"replies":[{"embeddable":true,"href":"https:\/\/meteotracker.it\/index.php\/wp-json\/wp\/v2\/comments?post=388"}],"version-history":[{"count":2,"href":"https:\/\/meteotracker.it\/index.php\/wp-json\/wp\/v2\/pages\/388\/revisions"}],"predecessor-version":[{"id":404,"href":"https:\/\/meteotracker.it\/index.php\/wp-json\/wp\/v2\/pages\/388\/revisions\/404"}],"wp:featuredmedia":[{"embeddable":true,"href":"https:\/\/meteotracker.it\/index.php\/wp-json\/wp\/v2\/media\/403"}],"wp:attachment":[{"href":"https:\/\/meteotracker.it\/index.php\/wp-json\/wp\/v2\/media?parent=388"}],"curies":[{"name":"wp","href":"https:\/\/api.w.org\/{rel}","templated":true}]}}