{"id":471,"date":"2024-02-16T13:03:11","date_gmt":"2024-02-16T12:03:11","guid":{"rendered":"https:\/\/meteotracker.it\/?post_type=product&#038;p=471"},"modified":"2026-04-14T10:51:56","modified_gmt":"2026-04-14T08:51:56","slug":"air-quality-tracker","status":"publish","type":"product","link":"https:\/\/meteotracker.it\/index.php\/prodotto\/air-quality-tracker\/","title":{"rendered":"AIR QUALITY TRACKER"},"content":{"rendered":"<p align=\"justify\"><span style=\"font-family: Arial, sans-serif;\"><span><strong>Il dispositivo Air Quality (AQ) <\/strong>\u00e8 un modulo plug-in che si connette al dispositivo MeteoTracker tramite la porta USB-C di quest&#8217;ultimo, aggiungendo dati di qualit\u00e0 al set di dati meteo misurati da MeteoTracker. <\/span><\/span><\/p>\n<p align=\"justify\"><span style=\"font-family: Arial, sans-serif;\"><span>Il modulo AQ misura le polveri sottili <\/span><\/span>(<span style=\"font-family: Arial, sans-serif;\"><strong>PM0.5, PM1, PM2.5, PM4 and PM10, <\/strong>mass and number), l&#8217;<strong>indice EPA<\/strong> basato sui livelli di O3 e NO2, i livelli di <strong>O3<\/strong> e di <strong>CO2<\/strong>.<\/span><\/p>\n<p align=\"justify\"><span style=\"font-family: Arial, sans-serif;\">Con il modulo AQ, <strong>ogni punto di misura<\/strong> include <strong>8 parametri meteo<\/strong> (temperatura, umidit\u00e0 relativa, pressione, gradiente termico verticale, punto di rugiada, indice di comfort termico humide, indicazione di intensit\u00e0 solare) pi\u00f9 <strong>altitudine e velocit\u00e0<\/strong> pi\u00f9 <strong>12 parametri di qualit\u00e0 dell&#8217;aria<\/strong> pi\u00f9 <strong>CO2<\/strong>, per un totale di <strong>23 variabili<\/strong>, geo-referenziate e inviate al server per ogni acquisizione.<\/span><\/p>\n<p align=\"justify\"><span style=\"font-family: Arial, sans-serif;\">La <strong>nuova App AirQualityTracker+MeteoTracker<\/strong> fornisce un set completo di strumenti di visualizzazione (numerico, su grafici, su mappa, statistiche) per ognuno dei parametri misurati.<\/span><\/p>\n<p align=\"justify\"><span style=\"font-family: Arial, sans-serif;\">insieme al modulo AQ, viene fornita la <a href=\"https:\/\/meteotracker.com\/wp-content\/uploads\/2024\/02\/INTERACTIV_METEOTRACKER_MAP_EN_20240105_rev_2.pdf\" target=\"_blank\" rel=\"noopener\"><strong>nuova mappa interattiva MeteoTracker<\/strong><\/a> che, grazie alla sua <strong>interfaccia intuitiva ma completa<\/strong>, permette una piena fruizione dei dati, mettendo a disposizione dell&#8217;utente una serie di <strong>funzionalit\u00e0 avanzate<\/strong> (URL customizzato, URL riferito a un dato intervallo temporale e altre funzioni). Per <strong>ogni punto<\/strong> misurato viene reso disponibile il <strong>link alla sessione da cui quel dato proviene<\/strong> che punta alla dashboard MeteoTracker, dove \u00e8 possibile effettuare <strong>analisi di dettaglio<\/strong> ed esportare i dati in <strong>formato CSV<\/strong><\/span><\/p>\n<h6>DATI TECNICI<\/h6>\n<ul>\n<li><strong>DimensionI<\/strong>: 8.5 cm x 4.7 cm x 6.5 cm<\/li>\n<li><strong>Parametri misurati\u00a0<\/strong>\n<ul>\n<li>Polveri sottili: PM0.5, PM1.0, PM2.5, PM4 and PM10 | precisione (mass concentration): +\/- 10% (read <a href=\"https:\/\/sensirion.com\/media\/documents\/B7AAA101\/61653FB8\/Sensirion_Particulate_Matter_AppNotes_Specification_Statement.pdf\" target=\"_blank\" rel=\"noopener\">cliccare qui<\/a> per maggiore dettagli) | Sensore: <a href=\"https:\/\/sensirion.com\/products\/catalog\/SPS30\/\" target=\"_blank\" rel=\"noopener\">SPS30 Sensirion<\/a><\/li>\n<li>AQI (<a href=\"https:\/\/www.airnow.gov\/aqi\/aqi-basics\/\" target=\"_blank\" rel=\"noopener\">Air Quality Index EPA standard<\/a> basato sui livelli di O3 e NO2) | accuratezza: leggi <a href=\"https:\/\/www.renesas.com\/us\/en\/products\/sensor-products\/environmental-sensors\/metal-oxide-gas-sensors\/zmod4510-gas-sensor-o3-and-no2\" target=\"_blank\" rel=\"noopener\">qui<\/a> | sensore: <a href=\"https:\/\/www.renesas.com\/us\/en\/products\/sensor-products\/environmental-sensors\/metal-oxide-gas-sensors\/zmod4510-gas-sensor-o3-and-no2\" target=\"_blank\" rel=\"noopener\">ZMOD4510<\/a> Renesas<\/li>\n<li>CO2 | accuratezza: \u00b1(40 ppm + 5 %)) | sensore: <a href=\"https:\/\/drive.google.com\/file\/d\/1KYSU-iDwoMMcRFd1bjq4q1-qlESXqpV-\/view\" target=\"_blank\" rel=\"noopener\">CD4x Sensirion<\/a><\/li>\n<\/ul>\n<\/li>\n<li><strong>Alimentazione<\/strong>\n<ul>\n<li>Pannello solare incorporato<\/li>\n<li>Batteria ricaricabile (2500 mAh)<\/li>\n<\/ul>\n<\/li>\n<li><strong>Installazione<\/strong>\n<ul>\n<li>Tramite base magnetica, connessione con il dispositivo MeteoTracker tramite la sua porta USB<\/li>\n<li>Limite di velocit\u00e0 quando utilizzato su veicolo: 80 km\/h<\/li>\n<li>Condizioni di utilizzo: da non utilizzare sotto la pioggia o la neve<\/li>\n<\/ul>\n<\/li>\n<\/ul>\n<h6><\/h6>\n<h6><span><strong><span style=\"color: #ff0000;\">NEW!<\/span> MAPPA METEOTRACKER INTERATTIVA<\/strong><\/span><\/h6>\n<p><a href=\"https:\/\/meteotracker.com\/wp-content\/uploads\/2024\/02\/INTERACTIV_METEOTRACKER_MAP_EN_20240105_rev_2.pdf\" target=\"_blank\" rel=\"noopener\"><strong>Manuale<\/strong><\/a><\/p>\n<h6><span><strong>DASHBOARD METEOTRACKER (app.meteotracker.com)<\/strong><\/span><\/h6>\n<ul>\n<li><b>Visualizzazione dati su grafici, mappa e in formato numerico | Visualizzazione su StreetView | Statistiche | CSV export\u00a0<\/b><\/li>\n<\/ul>\n<p style=\"padding-left: 40px;\"><b>In dettaglio:<\/b><\/p>\n<ul>\n<li style=\"list-style-type: none;\">\n<ul>\n<li>Vista per sessione: su grafico (inclusa temperatura vs. altitudine), su mappa e in formato numerico, anche in tempo reale<\/li>\n<li>Vista per area geografica (dati misurati nell&#8217;area geografica selezionata sulla mappa)<\/li>\n<li>View per MeteoPhoto (visualizzazione delle MeteoPhoto scattate in una data area geografica, selezionando l&#8217;area di interesse sulla mappa)<\/li>\n<li>Archivio sessioni e statistiche<\/li>\n<li>Grafici e mappa visualmente correlate (cliccando su un punto della mappa il corrispondente punto nel grafico viene evidenziato e viceversa)<\/li>\n<li>Condivisione sessioni<\/li>\n<li>Esportazione dati su file CSV, geo-referenziati con nome del file <a href=\"https:\/\/meteotracker.com\/wp-content\/uploads\/2023\/06\/3-FILE_NAMING_NEW.png\" target=\"_blank\" rel=\"noopener\">parameterito<\/a> (formato dal nome della localit\u00e0 di partenza, di arrivo, MeteoTracker ID, autore sessione, data e orario)<\/li>\n<\/ul>\n<\/li>\n<\/ul>\n<h5><a href=\"https:\/\/meteotracker.com\/wp-content\/uploads\/2024\/02\/AQ_Tracker_GUIDA_RAPIDA_IT_20231213.pdf\" target=\"_blank\" rel=\"noopener\"><strong>Manuale Air Quality Tracker<\/strong><\/a><\/h5>\n<p>&nbsp;<\/p>\n<p><img decoding=\"async\" loading=\"lazy\" src=\"https:\/\/meteotracker.it\/wp-content\/uploads\/2024\/02\/PON2014_20-impresecompetitivitapayoffEUMISE-RGB-300x42.jpg\" alt=\"\" width=\"356\" height=\"50\" class=\"alignnone wp-image-491\" srcset=\"\/wp-content\/uploads\/2024\/02\/PON2014_20-impresecompetitivitapayoffEUMISE-RGB-300x42.jpg 300w, \/wp-content\/uploads\/2024\/02\/PON2014_20-impresecompetitivitapayoffEUMISE-RGB-1024x142.jpg 1024w, \/wp-content\/uploads\/2024\/02\/PON2014_20-impresecompetitivitapayoffEUMISE-RGB-768x107.jpg 768w, \/wp-content\/uploads\/2024\/02\/PON2014_20-impresecompetitivitapayoffEUMISE-RGB-1536x214.jpg 1536w, \/wp-content\/uploads\/2024\/02\/PON2014_20-impresecompetitivitapayoffEUMISE-RGB-2048x285.jpg 2048w, \/wp-content\/uploads\/2024\/02\/PON2014_20-impresecompetitivitapayoffEUMISE-RGB-600x83.jpg 600w\" sizes=\"(max-width: 356px) 100vw, 356px\" \/><\/p>\n<p><a href=\"https:\/\/iotopon.com\/il-progetto-sistema-integrato-per-la-rilevazione-mobile-di-parametri-ambientali\/\" target=\"_blank\" rel=\"noopener\">Smart&amp;Start<\/a><\/p>\n","protected":false},"excerpt":{"rendered":"<h3><strong>MODULO AIR QUALITY PER METEOTRACKER<\/strong><\/h3>\n<p>-PM10, PM4, PM2,5, PM1 and PM0.5 (massa e numero, <a href=\"https:\/\/sensirion.com\/media\/documents\/3A3BF572\/616540E1\/Sensirion_PM_Sensors_Datasheet_SPS30_MCERTS-Certificate_2020.pdf\" target=\"_blank\" rel=\"noopener\">certified MCERT<\/a>) | indice EPA\u00a0 basato sui livelli di O3 e NO2 | O3 | CO2<\/p>\n<p>-Nuova App multi-funzione\/multi-tab (Android and iOS)<\/p>\n<p>&#8211;<span style=\"color: #ff0000;\"><strong>NEW!<\/strong><\/span> Mappa interattiva premium MeteoTracker (<a href=\"https:\/\/meteotracker.com\/wp-content\/uploads\/2024\/02\/INTERACTIV_METEOTRACKER_MAP_EN_20240105_rev_2.pdf\" target=\"_blank\" rel=\"noopener\">URL cutomizzato, archivio, URL riferito a specifica area goegrafica-intervallo temporale e altre funzionalit\u00e0 avanzate<\/a>)*<\/p>\n<p>-Unlimited access to the MeteoTracker dashboard<\/p>\n<p>*gratis 6 months, poi 19 Euro\/anno<\/p>\n","protected":false},"featured_media":473,"comment_status":"open","ping_status":"closed","template":"","meta":[],"product_cat":[90],"product_tag":[],"_links":{"self":[{"href":"https:\/\/meteotracker.it\/index.php\/wp-json\/wp\/v2\/product\/471"}],"collection":[{"href":"https:\/\/meteotracker.it\/index.php\/wp-json\/wp\/v2\/product"}],"about":[{"href":"https:\/\/meteotracker.it\/index.php\/wp-json\/wp\/v2\/types\/product"}],"replies":[{"embeddable":true,"href":"https:\/\/meteotracker.it\/index.php\/wp-json\/wp\/v2\/comments?post=471"}],"wp:featuredmedia":[{"embeddable":true,"href":"https:\/\/meteotracker.it\/index.php\/wp-json\/wp\/v2\/media\/473"}],"wp:attachment":[{"href":"https:\/\/meteotracker.it\/index.php\/wp-json\/wp\/v2\/media?parent=471"}],"wp:term":[{"taxonomy":"product_cat","embeddable":true,"href":"https:\/\/meteotracker.it\/index.php\/wp-json\/wp\/v2\/product_cat?post=471"},{"taxonomy":"product_tag","embeddable":true,"href":"https:\/\/meteotracker.it\/index.php\/wp-json\/wp\/v2\/product_tag?post=471"}],"curies":[{"name":"wp","href":"https:\/\/api.w.org\/{rel}","templated":true}]}}